{"id":7,"date":"2020-08-19T09:24:31","date_gmt":"2020-08-19T09:24:31","guid":{"rendered":"https:\/\/www.xn--asesoracortinaabogados-2bc.com\/?page_id=7"},"modified":"2024-12-29T13:30:24","modified_gmt":"2024-12-29T13:30:24","slug":"acerca-de","status":"publish","type":"page","link":"https:\/\/www.xn--asesoracortinaabogados-2bc.com\/index.php\/acerca-de\/","title":{"rendered":"<p style=\"color:#892130\";>Somos<\/p>"},"content":{"rendered":"\n<div class=\"wp-block-group\"><div class=\"wp-block-group__inner-container is-layout-flow wp-block-group-is-layout-flow\">\n<div class=\"wp-block-columns is-layout-flex wp-container-core-columns-is-layout-1 wp-block-columns-is-layout-flex\">\n<div class=\"wp-block-column is-layout-flow wp-block-column-is-layout-flow\">\n<p class=\"has-text-align-center has-text-color has-medium-font-size\" style=\"color:#892130\"><strong>Juan Cortina Moreno<\/strong><\/p>\n\n\n\n<div class=\"wp-block-group\"><div class=\"wp-block-group__inner-container is-layout-flow wp-block-group-is-layout-flow\">\n<figure class=\"wp-block-image size-large\"><img loading=\"lazy\" decoding=\"async\" width=\"683\" height=\"1024\" src=\"https:\/\/www.xn--asesoracortinaabogados-2bc.com\/wp-content\/uploads\/2020\/08\/JUAN-SONRIENDO-683x1024.jpg\" alt=\"\" class=\"wp-image-96\" srcset=\"https:\/\/www.xn--asesoracortinaabogados-2bc.com\/wp-content\/uploads\/2020\/08\/JUAN-SONRIENDO-683x1024.jpg 683w, https:\/\/www.xn--asesoracortinaabogados-2bc.com\/wp-content\/uploads\/2020\/08\/JUAN-SONRIENDO-200x300.jpg 200w, https:\/\/www.xn--asesoracortinaabogados-2bc.com\/wp-content\/uploads\/2020\/08\/JUAN-SONRIENDO-768x1152.jpg 768w, https:\/\/www.xn--asesoracortinaabogados-2bc.com\/wp-content\/uploads\/2020\/08\/JUAN-SONRIENDO-1024x1536.jpg 1024w, https:\/\/www.xn--asesoracortinaabogados-2bc.com\/wp-content\/uploads\/2020\/08\/JUAN-SONRIENDO-1365x2048.jpg 1365w, https:\/\/www.xn--asesoracortinaabogados-2bc.com\/wp-content\/uploads\/2020\/08\/JUAN-SONRIENDO-scaled.jpg 1707w\" sizes=\"auto, (max-width: 683px) 100vw, 683px\" \/><figcaption class=\"wp-element-caption\">\u00abTrabajando d\u00eda a d\u00eda, cerca de nuestros clientes\u00bb<\/figcaption><\/figure>\n<\/div><\/div>\n\n\n\n<p style=\"text-align: justify;\">Comenc\u00e9 mi trayectoria profesional en 1995 despu\u00e9s de especializarme en Derecho Financiero y Tributario, y Contabilidad Financiera y de Sociedades. Desde el principio, adem\u00e1s de mi actividad profesional de asesor\u00eda a peque\u00f1as y medianas empresas, he estado interesado en la problem\u00e1tica jur\u00eddica del Tercer Sector. De forma paralela, vengo desarrollando una actividad docente en diversos aspectos relacionados con el mundo de la empresa.<\/p>\n<\/div>\n\n\n\n<div class=\"wp-block-column is-layout-flow wp-block-column-is-layout-flow\">\n<p class=\"has-text-align-center has-text-color has-medium-font-size\" style=\"color:#892130\"><strong>Amelia Gredilla Zazo<\/strong><\/p>\n\n\n\n<figure class=\"wp-block-image size-large\"><img loading=\"lazy\" decoding=\"async\" width=\"683\" height=\"1024\" src=\"https:\/\/www.xn--asesoracortinaabogados-2bc.com\/wp-content\/uploads\/2020\/08\/AMELIA-SONRIENDO-683x1024.jpg\" alt=\"\" class=\"wp-image-101\" srcset=\"https:\/\/www.xn--asesoracortinaabogados-2bc.com\/wp-content\/uploads\/2020\/08\/AMELIA-SONRIENDO-683x1024.jpg 683w, https:\/\/www.xn--asesoracortinaabogados-2bc.com\/wp-content\/uploads\/2020\/08\/AMELIA-SONRIENDO-200x300.jpg 200w, https:\/\/www.xn--asesoracortinaabogados-2bc.com\/wp-content\/uploads\/2020\/08\/AMELIA-SONRIENDO-768x1152.jpg 768w, https:\/\/www.xn--asesoracortinaabogados-2bc.com\/wp-content\/uploads\/2020\/08\/AMELIA-SONRIENDO-1024x1536.jpg 1024w, https:\/\/www.xn--asesoracortinaabogados-2bc.com\/wp-content\/uploads\/2020\/08\/AMELIA-SONRIENDO-1365x2048.jpg 1365w, https:\/\/www.xn--asesoracortinaabogados-2bc.com\/wp-content\/uploads\/2020\/08\/AMELIA-SONRIENDO-scaled.jpg 1707w\" sizes=\"auto, (max-width: 683px) 100vw, 683px\" \/><figcaption class=\"wp-element-caption\">\u00abTu tranquilidad es nuestra satisfacci\u00f3n\u00bb<\/figcaption><\/figure>\n\n\n\n<p style=\"text-align: justify;\">En 1990 termin\u00e9 mi formaci\u00f3n en Derecho Mercantil, e Hipotecario. Mis primeros trabajos fueron en despachos profesionales especializados en Derecho Mercantil, Bancario, Burs\u00e1til e Internacional Privado. Tambi\u00e9n colabor\u00e9 en el Registro Mercantil Central y en el Registro Mercantil de Madrid. En 1995 me incorpor\u00e9 al proyecto de nuestra asesor\u00eda. Desde mi incorporaci\u00f3n tambi\u00e9n me he especializado en el \u00e1mbito del Derecho Laboral.<\/p>\n<\/div>\n<\/div>\n\n\n\n<p><\/p>\n\n\n\n<p style=\"text-align: justify;\">En Asesor\u00eda Cortina Abogados contamos con un equipo multidisciplinar<br \/>especializado en las distintas \u00e1reas de nuestra asesor\u00eda.<\/p>\n<\/p>\n\n\n\n<p class=\"has-text-color\" style=\"color:#892130\"><strong>Sylvia Casta\u00f1ares Pizarro<\/strong><\/p>\n\n\n\n<p style=\"text-align: justify;\">Despu\u00e9s de ampliar mi formaci\u00f3n en el \u00e1rea contable, empec\u00e9 a trabajar en Cortina Despacho Jur\u00eddico, S.L. Aqu\u00ed desarrollo mi actividad profesional, realizando diversas gestiones en las distintas entidades p\u00fablicas y privadas. Adem\u00e1s soy responsable del departamento de facturaci\u00f3n y cobro del despacho.<\/p>\n<\/p>\n\n\n\n<p class=\"has-text-color\" style=\"color:#892130\"><strong>Gabriel Celi Armijos<\/strong><\/p>\n\n\n\n<p style=\"text-align: justify;\">Compatibilizo mi trabajo en la asesor\u00eda con los estudios universitarios de contabilidad y finanzas. Mi papel en Cortina Despacho Jur\u00eddico S.L. est\u00e1 enfocado fundamentalmente en los \u00e1mbitos contable, fiscal e inform\u00e1tico.<\/p>\n<\/p>\n<\/div><\/div>\n\n\n\n<p><\/p>\n","protected":false},"excerpt":{"rendered":"<p>Juan Cortina Moreno Comenc\u00e9 mi trayectoria profesional en 1995 despu\u00e9s de especializarme en Derecho Financiero y Tributario, y Contabilidad Financiera y de Sociedades. Desde el principio, adem\u00e1s de mi actividad profesional de asesor\u00eda a peque\u00f1as y medianas empresas, he estado interesado en la problem\u00e1tica jur\u00eddica del Tercer Sector. De forma paralela, vengo desarrollando una actividad &hellip; <\/p>\n<p class=\"link-more\"><a href=\"https:\/\/www.xn--asesoracortinaabogados-2bc.com\/index.php\/acerca-de\/\" class=\"more-link\">Continuar leyendo<span class=\"screen-reader-text\"> \u00ab<\/p>\n<p style=\"color:#892130\";>Somos<\/p>\n<p>\u00ab<\/span><\/a><\/p>\n","protected":false},"author":1,"featured_media":0,"parent":0,"menu_order":0,"comment_status":"closed","ping_status":"closed","template":"","meta":{"footnotes":""},"class_list":["post-7","page","type-page","status-publish","hentry"],"_links":{"self":[{"href":"https:\/\/www.xn--asesoracortinaabogados-2bc.com\/index.php\/wp-json\/wp\/v2\/pages\/7","targetHints":{"allow":["GET"]}}],"collection":[{"href":"https:\/\/www.xn--asesoracortinaabogados-2bc.com\/index.php\/wp-json\/wp\/v2\/pages"}],"about":[{"href":"https:\/\/www.xn--asesoracortinaabogados-2bc.com\/index.php\/wp-json\/wp\/v2\/types\/page"}],"author":[{"embeddable":true,"href":"https:\/\/www.xn--asesoracortinaabogados-2bc.com\/index.php\/wp-json\/wp\/v2\/users\/1"}],"replies":[{"embeddable":true,"href":"https:\/\/www.xn--asesoracortinaabogados-2bc.com\/index.php\/wp-json\/wp\/v2\/comments?post=7"}],"version-history":[{"count":49,"href":"https:\/\/www.xn--asesoracortinaabogados-2bc.com\/index.php\/wp-json\/wp\/v2\/pages\/7\/revisions"}],"predecessor-version":[{"id":398,"href":"https:\/\/www.xn--asesoracortinaabogados-2bc.com\/index.php\/wp-json\/wp\/v2\/pages\/7\/revisions\/398"}],"wp:attachment":[{"href":"https:\/\/www.xn--asesoracortinaabogados-2bc.com\/index.php\/wp-json\/wp\/v2\/media?parent=7"}],"curies":[{"name":"wp","href":"https:\/\/api.w.org\/{rel}","templated":true}]}}