{"id":230,"date":"2020-08-24T18:54:22","date_gmt":"2020-08-24T18:54:22","guid":{"rendered":"https:\/\/www.xn--asesoracortinaabogados-2bc.com\/?page_id=230"},"modified":"2020-08-25T11:38:00","modified_gmt":"2020-08-25T11:38:00","slug":"area-contable","status":"publish","type":"page","link":"https:\/\/www.xn--asesoracortinaabogados-2bc.com\/index.php\/area-contable\/","title":{"rendered":"<p style=\"color:#892130\";>\u00c1rea Contable<\/p>"},"content":{"rendered":"<p style=\"text-align: justify;\">Este servicio comporta el seguimiento de la Contabilidad de la sociedad, con elaboraci\u00f3n y supervisi\u00f3n de los registros contables, as\u00ed como la legalizaci\u00f3n de los mismos. Asimismo, elaboramos, en base a dichos registros, las cuentas anuales de cada ejercicio (Balance, Cuenta de P\u00e9rdidas y Ganancias y Memoria), que deber\u00e1n ser formuladas y aprobadas,<br \/>dentro de los plazos previstos, por la Administraci\u00f3n de la sociedad y su Junta General.\u00a0<\/p>\n\n\n<p><\/p>\n","protected":false},"excerpt":{"rendered":"<p>Este servicio comporta el seguimiento de la Contabilidad de la sociedad, con elaboraci\u00f3n y supervisi\u00f3n de los registros contables, as\u00ed como la legalizaci\u00f3n de los mismos. Asimismo, elaboramos, en base a dichos registros, las cuentas anuales de cada ejercicio (Balance, Cuenta de P\u00e9rdidas y Ganancias y Memoria), que deber\u00e1n ser formuladas y aprobadas,dentro de los &hellip; <\/p>\n<p class=\"link-more\"><a href=\"https:\/\/www.xn--asesoracortinaabogados-2bc.com\/index.php\/area-contable\/\" class=\"more-link\">Continuar leyendo<span class=\"screen-reader-text\"> \u00ab<\/p>\n<p style=\"color:#892130\";>\u00c1rea Contable<\/p>\n<p>\u00ab<\/span><\/a><\/p>\n","protected":false},"author":1,"featured_media":0,"parent":0,"menu_order":0,"comment_status":"closed","ping_status":"closed","template":"","meta":{"footnotes":""},"class_list":["post-230","page","type-page","status-publish","hentry"],"_links":{"self":[{"href":"https:\/\/www.xn--asesoracortinaabogados-2bc.com\/index.php\/wp-json\/wp\/v2\/pages\/230","targetHints":{"allow":["GET"]}}],"collection":[{"href":"https:\/\/www.xn--asesoracortinaabogados-2bc.com\/index.php\/wp-json\/wp\/v2\/pages"}],"about":[{"href":"https:\/\/www.xn--asesoracortinaabogados-2bc.com\/index.php\/wp-json\/wp\/v2\/types\/page"}],"author":[{"embeddable":true,"href":"https:\/\/www.xn--asesoracortinaabogados-2bc.com\/index.php\/wp-json\/wp\/v2\/users\/1"}],"replies":[{"embeddable":true,"href":"https:\/\/www.xn--asesoracortinaabogados-2bc.com\/index.php\/wp-json\/wp\/v2\/comments?post=230"}],"version-history":[{"count":4,"href":"https:\/\/www.xn--asesoracortinaabogados-2bc.com\/index.php\/wp-json\/wp\/v2\/pages\/230\/revisions"}],"predecessor-version":[{"id":331,"href":"https:\/\/www.xn--asesoracortinaabogados-2bc.com\/index.php\/wp-json\/wp\/v2\/pages\/230\/revisions\/331"}],"wp:attachment":[{"href":"https:\/\/www.xn--asesoracortinaabogados-2bc.com\/index.php\/wp-json\/wp\/v2\/media?parent=230"}],"curies":[{"name":"wp","href":"https:\/\/api.w.org\/{rel}","templated":true}]}}