{"id":227,"date":"2020-08-24T18:53:02","date_gmt":"2020-08-24T18:53:02","guid":{"rendered":"https:\/\/www.xn--asesoracortinaabogados-2bc.com\/?page_id=227"},"modified":"2020-09-08T15:46:53","modified_gmt":"2020-09-08T15:46:53","slug":"area-laboral-y-de-la-seguridad-social","status":"publish","type":"page","link":"https:\/\/www.xn--asesoracortinaabogados-2bc.com\/index.php\/area-laboral-y-de-la-seguridad-social\/","title":{"rendered":"<p style=\"color:#892130\";>\u00c1rea Laboral y de la Seguridad Social<\/p>"},"content":{"rendered":"<p style=\"text-align: justify;\">Consistir\u00e1 en el cumplimiento de las obligaciones que tenga la Sociedad para con la Administraci\u00f3n Laboral y la Seguridad Social: elaboraci\u00f3n de contratos de trabajo, de los seguros sociales, altas, bajas, finiquitos, &#8230; as\u00ed como estrategia y planificaci\u00f3n laboral y asesoramiento en recursos humanos.<\/p>\n\n\n<p><\/p>\n","protected":false},"excerpt":{"rendered":"<p>Consistir\u00e1 en el cumplimiento de las obligaciones que tenga la Sociedad para con la Administraci\u00f3n Laboral y la Seguridad Social: elaboraci\u00f3n de contratos de trabajo, de los seguros sociales, altas, bajas, finiquitos, &#8230; as\u00ed como estrategia y planificaci\u00f3n laboral y asesoramiento en recursos humanos.<\/p>\n","protected":false},"author":1,"featured_media":0,"parent":0,"menu_order":0,"comment_status":"closed","ping_status":"closed","template":"","meta":{"footnotes":""},"class_list":["post-227","page","type-page","status-publish","hentry"],"_links":{"self":[{"href":"https:\/\/www.xn--asesoracortinaabogados-2bc.com\/index.php\/wp-json\/wp\/v2\/pages\/227","targetHints":{"allow":["GET"]}}],"collection":[{"href":"https:\/\/www.xn--asesoracortinaabogados-2bc.com\/index.php\/wp-json\/wp\/v2\/pages"}],"about":[{"href":"https:\/\/www.xn--asesoracortinaabogados-2bc.com\/index.php\/wp-json\/wp\/v2\/types\/page"}],"author":[{"embeddable":true,"href":"https:\/\/www.xn--asesoracortinaabogados-2bc.com\/index.php\/wp-json\/wp\/v2\/users\/1"}],"replies":[{"embeddable":true,"href":"https:\/\/www.xn--asesoracortinaabogados-2bc.com\/index.php\/wp-json\/wp\/v2\/comments?post=227"}],"version-history":[{"count":5,"href":"https:\/\/www.xn--asesoracortinaabogados-2bc.com\/index.php\/wp-json\/wp\/v2\/pages\/227\/revisions"}],"predecessor-version":[{"id":361,"href":"https:\/\/www.xn--asesoracortinaabogados-2bc.com\/index.php\/wp-json\/wp\/v2\/pages\/227\/revisions\/361"}],"wp:attachment":[{"href":"https:\/\/www.xn--asesoracortinaabogados-2bc.com\/index.php\/wp-json\/wp\/v2\/media?parent=227"}],"curies":[{"name":"wp","href":"https:\/\/api.w.org\/{rel}","templated":true}]}}